{"id":39,"date":"2018-11-22T14:46:52","date_gmt":"2018-11-22T14:46:52","guid":{"rendered":"http:\/\/kpoller.de\/?page_id=39"},"modified":"2018-11-22T14:46:52","modified_gmt":"2018-11-22T14:46:52","slug":"wie-sie-mich-erreichen-koennen","status":"publish","type":"page","link":"https:\/\/kpoller.de\/?page_id=39","title":{"rendered":"Wie Sie mich erreichen k\u00f6nnen"},"content":{"rendered":"<p>Sie k\u00f6nnen mich \u00fcber folgende Wege erreichen:<\/p>\n<p>Telefon:\u00a0 07151 &#8211; 16 91 861<br \/>\nMobil:\u00a0 \u00a0 \u00a0 0175 404 99 29<br \/>\nMail:\u00a0 \u00a0pc-service(at)kpoller.de<\/p>\n<p>In\u00a0 dringenden Notf\u00e4llen auch rund um die Uhr.<\/p>\n","protected":false},"excerpt":{"rendered":"<p>Sie k\u00f6nnen mich \u00fcber folgende Wege erreichen: Telefon:\u00a0 07151 &#8211; 16 91 861 Mobil:\u00a0 \u00a0 \u00a0 0175 404 99 29 Mail:\u00a0 \u00a0pc-service(at)kpoller.de In\u00a0 dringenden Notf\u00e4llen auch rund um die Uhr.<\/p>\n","protected":false},"author":1,"featured_media":0,"parent":0,"menu_order":0,"comment_status":"closed","ping_status":"closed","template":"","meta":{"footnotes":""},"class_list":["post-39","page","type-page","status-publish","hentry"],"_links":{"self":[{"href":"https:\/\/kpoller.de\/index.php?rest_route=\/wp\/v2\/pages\/39","targetHints":{"allow":["GET"]}}],"collection":[{"href":"https:\/\/kpoller.de\/index.php?rest_route=\/wp\/v2\/pages"}],"about":[{"href":"https:\/\/kpoller.de\/index.php?rest_route=\/wp\/v2\/types\/page"}],"author":[{"embeddable":true,"href":"https:\/\/kpoller.de\/index.php?rest_route=\/wp\/v2\/users\/1"}],"replies":[{"embeddable":true,"href":"https:\/\/kpoller.de\/index.php?rest_route=%2Fwp%2Fv2%2Fcomments&post=39"}],"version-history":[{"count":1,"href":"https:\/\/kpoller.de\/index.php?rest_route=\/wp\/v2\/pages\/39\/revisions"}],"predecessor-version":[{"id":40,"href":"https:\/\/kpoller.de\/index.php?rest_route=\/wp\/v2\/pages\/39\/revisions\/40"}],"wp:attachment":[{"href":"https:\/\/kpoller.de\/index.php?rest_route=%2Fwp%2Fv2%2Fmedia&parent=39"}],"curies":[{"name":"wp","href":"https:\/\/api.w.org\/{rel}","templated":true}]}}