{"id":2,"date":"2016-05-10T03:48:21","date_gmt":"2016-05-10T03:48:21","guid":{"rendered":"http:\/\/kpoller.de\/?page_id=2"},"modified":"2025-12-04T19:18:04","modified_gmt":"2025-12-04T19:18:04","slug":"sample-page","status":"publish","type":"page","link":"https:\/\/kpoller.de\/","title":{"rendered":"Was ich f\u00fcr Sie tun kann"},"content":{"rendered":"<p>Ein Service Vor Ort\u00a0<span style=\"font-size: 1rem;\">bedeutet, das\u00a0<\/span><span style=\"font-size: 1rem;\">ein Problem da gel\u00f6st wird, wo es besteht.\u00a0\u00a0<\/span><\/p>\n<ul>\n<li>Einrichtung und Wartung von PC<\/li>\n<li>Umr\u00fcstungen von PC, Reparaturen, Reinigung<\/li>\n<li>Daten\u00fcbertragung auf neue oder weitere Ger\u00e4te<\/li>\n<li>Netzwerk<\/li>\n<li>Internetzugang<\/li>\n<li>E-Mail<\/li>\n<li>Aktualisierung von Programmen<\/li>\n<li>Datensicherung<\/li>\n<li>Schulung Betriebssystem und vieler Programme &#8211; Handhabung und Funktionen<\/li>\n<li>Datenrettung<\/li>\n<li>Fernwartung dem\u00a0OpenSource Projekt <a href=\"https:\/\/rustdesk.com\/de\/\">RustDesk<\/a>, das Fernwartungstool bekommt man auf der <a href=\"https:\/\/github.com\/rustdesk\/rustdesk\/releases\/\">Downloadseite<\/a> (bitte die Windows-Version<br \/>\n<a href=\"https:\/\/kpoller.de\/rust.exe\">Download Direkt<\/a> laden), eine Installation ist NICHT notwendig, aber m\u00f6glich.<\/li>\n<\/ul>\n<p>F\u00fcr Benutzer von Windows\u00a0 10\u00ae kommt im Oktober 2025 (vom Hersteller angek\u00fcndigt) das Ende des offiziellen Supports. Lassen Sie sich bitte nicht verr\u00fcckt machen. Ich helfe auch hier gerne bei der Umstellung.<br \/>\nEs ist das Ende des Supports, das bedeutet auf keinen Fall das Ihr PC pl\u00f6tzlich nicht mehr funktioniert.<br \/>\nEine Supportverl\u00e4ngerung ist bei Microsoft m\u00f6glich, allerdings ben\u00f6tigt man dazu ein Microsoft Konto, und man muss sich in regelm\u00e4\u00dfigen Abst\u00e4nden einloggen. Ich berate Sie gerne.<\/p>\n<p>Ich berate Sie auch gerne vor der Anschaffung von Ger\u00e4ten, Software und allem Zubeh\u00f6r.<br \/>\nHeutzutage steht man oft vor der Situation das man einem \u00dcberangebot an m\u00f6glichen Ger\u00e4ten begegnet.\u00a0 Welches dann das richtige ist f\u00fcr den eigenen Bedarf, ist ohne umfassende Kenntnisse vielleicht schwer zu entscheiden. In manchen Gesch\u00e4ften ist vielleicht das &#8222;Beste Ger\u00e4t f\u00fcr Sie&#8220; eventuell genau das Ger\u00e4t, von dem der Vorgesetzte des Beraters morgens sagt &#8222;Das mu\u00df raus &#8230;&#8220;, oder einfach am meisten Provision bringt, oder das Ger\u00e4t das eben grade da ist.<\/p>\n<p>Ich berate individuell, Vor Ort , gerne f\u00fcr das Gesch\u00e4ft in dem Sie kaufen m\u00f6chten, oder helfe bei der Auswahl des Verk\u00e4ufers.<\/p>\n<p>Die Einrichtung von Windows 11\u00ae birgt einige Abofallen seitens Microsoft\u00ae, wie man diese beim Einrichten umgehen kann erfragen Sie bitte bei mir.<br \/>\nAm besten vor der Ersteinrichtung!<\/p>\n<p>&nbsp;<\/p>\n<p>&nbsp;<\/p>\n<p>&nbsp;<\/p>\n","protected":false},"excerpt":{"rendered":"<p>Ein Service Vor Ort\u00a0bedeutet, das\u00a0ein Problem da gel\u00f6st wird, wo es besteht.\u00a0\u00a0 Einrichtung und Wartung von PC Umr\u00fcstungen von PC, Reparaturen, Reinigung Daten\u00fcbertragung auf neue oder weitere Ger\u00e4te Netzwerk Internetzugang E-Mail Aktualisierung von Programmen Datensicherung Schulung Betriebssystem und vieler Programme &#8211; Handhabung und Funktionen Datenrettung Fernwartung dem\u00a0OpenSource Projekt RustDesk, das Fernwartungstool bekommt man auf der &hellip; <\/p>\n<p class=\"link-more\"><a href=\"https:\/\/kpoller.de\/\" class=\"more-link\"><span class=\"screen-reader-text\">\u201eWas ich f\u00fcr Sie tun kann\u201c<\/span> weiterlesen<\/a><\/p>\n","protected":false},"author":1,"featured_media":0,"parent":0,"menu_order":0,"comment_status":"closed","ping_status":"open","template":"","meta":{"footnotes":""},"class_list":["post-2","page","type-page","status-publish","hentry"],"_links":{"self":[{"href":"https:\/\/kpoller.de\/index.php?rest_route=\/wp\/v2\/pages\/2","targetHints":{"allow":["GET"]}}],"collection":[{"href":"https:\/\/kpoller.de\/index.php?rest_route=\/wp\/v2\/pages"}],"about":[{"href":"https:\/\/kpoller.de\/index.php?rest_route=\/wp\/v2\/types\/page"}],"author":[{"embeddable":true,"href":"https:\/\/kpoller.de\/index.php?rest_route=\/wp\/v2\/users\/1"}],"replies":[{"embeddable":true,"href":"https:\/\/kpoller.de\/index.php?rest_route=%2Fwp%2Fv2%2Fcomments&post=2"}],"version-history":[{"count":7,"href":"https:\/\/kpoller.de\/index.php?rest_route=\/wp\/v2\/pages\/2\/revisions"}],"predecessor-version":[{"id":50,"href":"https:\/\/kpoller.de\/index.php?rest_route=\/wp\/v2\/pages\/2\/revisions\/50"}],"wp:attachment":[{"href":"https:\/\/kpoller.de\/index.php?rest_route=%2Fwp%2Fv2%2Fmedia&parent=2"}],"curies":[{"name":"wp","href":"https:\/\/api.w.org\/{rel}","templated":true}]}}